{"id":29,"date":"2014-09-20T18:22:16","date_gmt":"2014-09-20T18:22:16","guid":{"rendered":"http:\/\/bliesgauimkerei.de\/?page_id=29"},"modified":"2014-09-21T15:24:17","modified_gmt":"2014-09-21T15:24:17","slug":"ueber-mich","status":"publish","type":"page","link":"https:\/\/bliesgauimkerei.de\/wordpress\/?page_id=29","title":{"rendered":"\u00dcber mich"},"content":{"rendered":"<p>Mein Name ist Merlin Thinnes, ich bin 18 Jahre alt, habe dieses Jahr mein Abitur gemacht und m\u00f6chte in den n\u00e4chsten Monaten Australien mit dem Rucksack bereisen.<\/p>\n<p>Einen genauen Reiseplan gibt es dabei nicht. Ich hoffe von Zeit zu Zeit meine Reisekasse mit diversen Backpackerjobs etwas aufbessern zu k\u00f6nnen, um so auch mehr \u00fcber das allt\u00e4gliche Leben in Australien zu erfahren und meine Englischkenntnisse etwas zu f\u00f6rdern.<\/p>\n<p>Dieser Blog dient haupts\u00e4chlich dazu Freunde und Verwandte auf dem Laufenden zu halten, aber auch andere sind herzlich dazu eingeladen an meinen Erfahrungen teilzuhaben. Hinterlasst gerne Kommentare und Anregungen was euch interessiert und \u00fcber was ihr gerne mehr lesen w\u00fcrdet.<\/p>\n<p>Die Reise beginnt am 22.September 2014 in Frankfurt am Flughafen, von wo ich zuerst nach Kuala Lumpur (3t\u00e4giger StopOver) und dann weiter nach Melbourne fliegen werde.<\/p>\n<p>Die R\u00fcckkehr ist in 6-12 Monaten geplant.<\/p>\n<p>Bis dahin,<\/p>\n<p>Tsch\u00fcss<\/p>\n","protected":false},"excerpt":{"rendered":"<p>Mein Name ist Merlin Thinnes, ich bin 18 Jahre alt, habe dieses Jahr mein Abitur gemacht und m\u00f6chte in den n\u00e4chsten Monaten Australien mit dem Rucksack bereisen. Einen genauen Reiseplan gibt es dabei nicht. Ich hoffe von Zeit zu Zeit &hellip;<\/p>\n<p class=\"read-more\"> <a class=\"more-link\" href=\"https:\/\/bliesgauimkerei.de\/wordpress\/?page_id=29\"> <span class=\"screen-reader-text\">\u00dcber mich<\/span> Weiterlesen &raquo;<\/a><\/p>\n","protected":false},"author":2,"featured_media":0,"parent":0,"menu_order":0,"comment_status":"closed","ping_status":"closed","template":"full-width.php","meta":{"footnotes":""},"class_list":["post-29","page","type-page","status-publish","hentry"],"_links":{"self":[{"href":"https:\/\/bliesgauimkerei.de\/wordpress\/index.php?rest_route=\/wp\/v2\/pages\/29","targetHints":{"allow":["GET"]}}],"collection":[{"href":"https:\/\/bliesgauimkerei.de\/wordpress\/index.php?rest_route=\/wp\/v2\/pages"}],"about":[{"href":"https:\/\/bliesgauimkerei.de\/wordpress\/index.php?rest_route=\/wp\/v2\/types\/page"}],"author":[{"embeddable":true,"href":"https:\/\/bliesgauimkerei.de\/wordpress\/index.php?rest_route=\/wp\/v2\/users\/2"}],"replies":[{"embeddable":true,"href":"https:\/\/bliesgauimkerei.de\/wordpress\/index.php?rest_route=%2Fwp%2Fv2%2Fcomments&post=29"}],"version-history":[{"count":2,"href":"https:\/\/bliesgauimkerei.de\/wordpress\/index.php?rest_route=\/wp\/v2\/pages\/29\/revisions"}],"predecessor-version":[{"id":36,"href":"https:\/\/bliesgauimkerei.de\/wordpress\/index.php?rest_route=\/wp\/v2\/pages\/29\/revisions\/36"}],"wp:attachment":[{"href":"https:\/\/bliesgauimkerei.de\/wordpress\/index.php?rest_route=%2Fwp%2Fv2%2Fmedia&parent=29"}],"curies":[{"name":"wp","href":"https:\/\/api.w.org\/{rel}","templated":true}]}}