{"id":267,"date":"2023-09-18T10:50:29","date_gmt":"2023-09-18T10:50:29","guid":{"rendered":"https:\/\/bliesgauimkerei.de\/wordpress\/?page_id=267"},"modified":"2023-09-18T13:46:24","modified_gmt":"2023-09-18T13:46:24","slug":"australien-2014-15","status":"publish","type":"page","link":"https:\/\/bliesgauimkerei.de\/wordpress\/","title":{"rendered":"Australien 2014\/15"},"content":{"rendered":"\n<div class=\"wp-block-query is-layout-flow wp-block-query-is-layout-flow\"><ul class=\"wp-block-post-template is-layout-flow wp-block-post-template-is-layout-flow\"><li class=\"wp-block-post post-245 post type-post status-publish format-standard has-post-thumbnail hentry category-reisen tag-fundraising tag-pilzfabrik tag-townsville\">\n<h2 class=\"wp-block-post-title\">Auf nach Townsville<\/h2>\n\n<figure class=\"wp-block-post-featured-image\"><img loading=\"lazy\" decoding=\"async\" width=\"672\" height=\"372\" src=\"https:\/\/bliesgauimkerei.de\/wordpress\/wp-content\/uploads\/2015\/08\/wpid-dsc_0681-672x372.jpg\" class=\"attachment-post-thumbnail size-post-thumbnail wp-post-image\" alt=\"\" style=\"object-fit:cover;\" srcset=\"https:\/\/bliesgauimkerei.de\/wordpress\/wp-content\/uploads\/2015\/08\/wpid-dsc_0681-672x372.jpg 672w, https:\/\/bliesgauimkerei.de\/wordpress\/wp-content\/uploads\/2015\/08\/wpid-dsc_0681-1038x576.jpg 1038w\" sizes=\"auto, (max-width: 672px) 100vw, 672px\" \/><\/figure>\n\n<div class=\"wp-block-post-date\"><time datetime=\"2015-08-07T03:25:31+00:00\">August 7, 2015<\/time><\/div>\n\n<div class=\"wp-block-post-excerpt\"><p class=\"wp-block-post-excerpt__excerpt\">Das beste an der Whitsundays tour war eigentlich, dass ich ein paar Leute getroffen habe, die mit mir nach Townsville gefahren sind. Dort hab ich dann versucht Arbeit zu finden, hatte aber sehr m\u00e4\u00dfigen Erfolg. Ich habe f\u00fcr genau zwei &hellip; Auf nach Townsville Weiterlesen &raquo;<\/p><p class=\"wp-block-post-excerpt__more-text\"><a class=\"wp-block-post-excerpt__more-link\" href=\"https:\/\/bliesgauimkerei.de\/wordpress\/?p=245\">weiterlesen<\/a><\/p><\/div>\n<\/li><li class=\"wp-block-post post-242 post type-post status-publish format-standard hentry category-aktivitaeten category-natur-australien tag-schnorcheln tag-tauchen tag-whitehaven-beach tag-whitsundays\">\n<h2 class=\"wp-block-post-title\">Whitsunday Islands<\/h2>\n\n\n\n<div class=\"wp-block-post-date\"><time datetime=\"2015-08-07T03:04:04+00:00\">August 7, 2015<\/time><\/div>\n\n<div class=\"wp-block-post-excerpt\"><p class=\"wp-block-post-excerpt__excerpt\">Freitagmorgen ging dann meine Segeltour um die Whitsunday Inseln los. Zu Beginn war das Wetter sch\u00f6n aber sobald wir in See gestochen sind ist es zugezogen, wurde windig und hat angefangen zu regnen. Ich habe beim Buchen der Tour gar &hellip; Whitsunday Islands Weiterlesen &raquo;<\/p><p class=\"wp-block-post-excerpt__more-text\"><a class=\"wp-block-post-excerpt__more-link\" href=\"https:\/\/bliesgauimkerei.de\/wordpress\/?p=242\">weiterlesen<\/a><\/p><\/div>\n<\/li><li class=\"wp-block-post post-240 post type-post status-publish format-standard hentry category-reisen tag-agnes-water tag-airlie-beach\">\n<h2 class=\"wp-block-post-title\">Agnes Water &#8211; Airlie Beach<\/h2>\n\n\n\n<div class=\"wp-block-post-date\"><time datetime=\"2015-08-07T02:41:47+00:00\">August 7, 2015<\/time><\/div>\n\n<div class=\"wp-block-post-excerpt\"><p class=\"wp-block-post-excerpt__excerpt\">Von Agnes Water bin ich mehr oder weniger in einem Zug hoch nach Airly Beach gefahren. Auf dem Weg gibt&#8217;s nichts gro\u00dfartig zu sehen, au\u00dfer ein paar kleineren St\u00e4dten, wo aber nicht viel los ist und die eigentlich nur zum &hellip; Agnes Water &#8211; Airlie Beach Weiterlesen &raquo;<\/p><p class=\"wp-block-post-excerpt__more-text\"><a class=\"wp-block-post-excerpt__more-link\" href=\"https:\/\/bliesgauimkerei.de\/wordpress\/?p=240\">weiterlesen<\/a><\/p><\/div>\n<\/li><\/ul>\n\n<nav class=\"wp-block-query-pagination is-layout-flex wp-block-query-pagination-is-layout-flex\" aria-label=\"Seitennummerierung\">\n\n\n<div class=\"wp-block-query-pagination-numbers\"><span aria-current=\"page\" class=\"page-numbers current\">1<\/span>\n<a class=\"page-numbers\" href=\"?query-1-page=2&#038;rest_route=%2Fwp%2Fv2%2Fpages%2F267\">2<\/a>\n<a class=\"page-numbers\" href=\"?query-1-page=3&#038;rest_route=%2Fwp%2Fv2%2Fpages%2F267\">3<\/a>\n<span class=\"page-numbers dots\">&hellip;<\/span>\n<a class=\"page-numbers\" href=\"?query-1-page=13&#038;rest_route=%2Fwp%2Fv2%2Fpages%2F267\">13<\/a><\/div>\n\n<a href=\"\/wordpress\/index.php?rest_route=%2Fwp%2Fv2%2Fpages%2F267&#038;query-1-page=2\" class=\"wp-block-query-pagination-next\">N\u00e4chste Seite<\/a>\n<\/nav><\/div>\n","protected":false},"excerpt":{"rendered":"","protected":false},"author":2,"featured_media":0,"parent":0,"menu_order":0,"comment_status":"closed","ping_status":"closed","template":"full-width-page.php","meta":{"footnotes":""},"class_list":["post-267","page","type-page","status-publish","hentry"],"_links":{"self":[{"href":"https:\/\/bliesgauimkerei.de\/wordpress\/index.php?rest_route=\/wp\/v2\/pages\/267","targetHints":{"allow":["GET"]}}],"collection":[{"href":"https:\/\/bliesgauimkerei.de\/wordpress\/index.php?rest_route=\/wp\/v2\/pages"}],"about":[{"href":"https:\/\/bliesgauimkerei.de\/wordpress\/index.php?rest_route=\/wp\/v2\/types\/page"}],"author":[{"embeddable":true,"href":"https:\/\/bliesgauimkerei.de\/wordpress\/index.php?rest_route=\/wp\/v2\/users\/2"}],"replies":[{"embeddable":true,"href":"https:\/\/bliesgauimkerei.de\/wordpress\/index.php?rest_route=%2Fwp%2Fv2%2Fcomments&post=267"}],"version-history":[{"count":20,"href":"https:\/\/bliesgauimkerei.de\/wordpress\/index.php?rest_route=\/wp\/v2\/pages\/267\/revisions"}],"predecessor-version":[{"id":345,"href":"https:\/\/bliesgauimkerei.de\/wordpress\/index.php?rest_route=\/wp\/v2\/pages\/267\/revisions\/345"}],"wp:attachment":[{"href":"https:\/\/bliesgauimkerei.de\/wordpress\/index.php?rest_route=%2Fwp%2Fv2%2Fmedia&parent=267"}],"curies":[{"name":"wp","href":"https:\/\/api.w.org\/{rel}","templated":true}]}}